{"id":219,"date":"2016-02-02T14:04:26","date_gmt":"2016-02-02T14:04:26","guid":{"rendered":"http:\/\/clientes.goalmarketing.pt\/palm3\/?page_id=219"},"modified":"2017-03-08T09:11:41","modified_gmt":"2017-03-08T09:11:41","slug":"press","status":"publish","type":"page","link":"https:\/\/palm3.goal-ads.com\/en\/about\/press\/","title":{"rendered":"Imprensa"},"content":{"rendered":"\n<!-- wpsso schema image for pinterest pin it button -->\n<div class=\"wpsso-schema-image-for-pinterest\" style=\"display:none;\">\n<img src=\"https:\/\/palm3.goal-ads.com\/wp-content\/uploads\/2016\/06\/TURBO_1_big-800x533.jpg\" width=\"0\" height=\"0\" style=\"width:0;height:0;\" data-pin-description=\"From Portugal with Sun\" alt=\"\"\/>\n<\/div><!-- .wpsso-schema-image-for-pinterest -->\n\n<div class=\"row\">\r\n<div class=\"col-xs-6 col-sm-3\">\r\n\r\n<div id=\"attachment_553\" style=\"width: 225px\" class=\"wp-caption alignleft press_cover\"><a href=\"https:\/\/www.palm3sunglasses.com\/wp-content\/uploads\/2016\/06\/EXKLUSIVA_1_big.jpg\" rel=\"lightbox\"><img aria-describedby=\"caption-attachment-553\" loading=\"lazy\" class=\"wp-image-553 size-medium\" src=\"https:\/\/www.palm3sunglasses.com\/wp-content\/uploads\/2016\/06\/EXKLUSIVA_small-215x300.jpg\" alt=\"Pal3Sunglasses in ExKlusiva Magazine\" width=\"215\" height=\"300\" srcset=\"https:\/\/palm3.goal-ads.com\/wp-content\/uploads\/2016\/06\/EXKLUSIVA_small-215x300.jpg 215w, https:\/\/palm3.goal-ads.com\/wp-content\/uploads\/2016\/06\/EXKLUSIVA_small.jpg 300w\" sizes=\"(max-width: 215px) 100vw, 215px\" \/><\/a><p id=\"caption-attachment-553\" class=\"wp-caption-text\"><span class=\"cover_txt\">A Palm3 nasce de algumas necessidades que experienciei enquanto comprador. A de uns \u00f3culos com qualidade, resistentes e a pre\u00e7os acess\u00edveis e a de poder escolher v\u00e1rias combina\u00e7\u00f5es dentro do mesmo modelo. Todos sabemos que \u00e9 muito f\u00e1cil perder ou partir uns \u00f3culos assim como comprar uns e descobrir que s\u00e3o exactamente iguais aos do amigo.<\/span><span class=\"cover_title\">EXKLUSIVA Mar\u00e7o\/Abril 2016<\/span><\/p><\/div>\r\n\r\n<\/div>\r\n<div class=\"col-xs-6 col-sm-3\">\r\n\r\n<div id=\"attachment_555\" style=\"width: 225px\" class=\"wp-caption alignleft press_cover\"><a href=\"https:\/\/www.palm3sunglasses.com\/wp-content\/uploads\/2016\/06\/LAYOUT_big.jpg\" rel=\"lightbox\"><img aria-describedby=\"caption-attachment-555\" loading=\"lazy\" class=\"wp-image-555 size-medium\" src=\"https:\/\/www.palm3sunglasses.com\/wp-content\/uploads\/2016\/06\/LAYOUT_small-215x300.jpg\" alt=\"LAYOUT Magazine\" width=\"215\" height=\"300\" srcset=\"https:\/\/palm3.goal-ads.com\/wp-content\/uploads\/2016\/06\/LAYOUT_small-215x300.jpg 215w, https:\/\/palm3.goal-ads.com\/wp-content\/uploads\/2016\/06\/LAYOUT_small.jpg 300w\" sizes=\"(max-width: 215px) 100vw, 215px\" \/><\/a><p id=\"caption-attachment-555\" class=\"wp-caption-text\"><span class=\"cover_txt\">\u00c9 preciso coragem para ter talento, disse Georg Brandes.E \u00e9 disto que se faz o \u201csangue novo\u201d dos jovens empreendedores em Portugal. Invadido por uma resili\u00eancia audaz e por um idealismo sequioso o mercado nacional tem crescido significativamente atrav\u00e9s dos projectos promissores que surgem a cada dia, com bastante coragem e, definitivamente muito talento.\r\nEste m\u00eas partilhamos uma marca nacional que prima pela irrever\u00eancia pr\u00f3pria de dois jovens criativos que se alinharam num sonho comum, a Palm3. O nome surgiu da associa\u00e7\u00e3o entre enigmas e inspira\u00e7\u00f5es de ver\u00e3o, \u00e9 pragm\u00e1tico, apelativo e os seus produtos, tal como a pr\u00f3pria marca, tamb\u00e9m nos ficam na cabe\u00e7a...literalmente! Entre modelos exclusivos e edi\u00e7\u00f5es limitadas, a qualidade \u00e9 o factor principal. O projecto come\u00e7ou pelas m\u00e3os do empreendedor Rui Zuzarte, que contava j\u00e1 com a experi\u00eancia neste segmento de mercado, acompanhado a passo firme pelo seu amigo Andr\u00e9 Dias. Uniram esfor\u00e7os e vontades, e no ano passado lan\u00e7aram-se nesta aventura. O resultado? \u00d3culos de sol totalmente personalizados, com hastes flexiveis, lentes de policarbonato polarizadas com uma multiplicidade de cores e combina\u00e7\u00f5es para todos os estilos, pela m\u00f3dica quantia de meia d\u00fazia de gins t\u00f3nicos. Actualmente, patrocinam atletas de topo de desportos radicais que, pela versatibilidade e flexibilidade dos materiais, d\u00e3o a cara por esta promissora marca nacional.\r\nPorqu\u00ea procurar l\u00e1 fora, quando o melhor est\u00e1 c\u00e1 dentro?<\/span><span class=\"cover_title\">LAYOUT Revista de Consultoria de Imagem em Portugal - Janeiro 2015<\/span><\/p><\/div>\r\n\r\n<\/div>\r\n\r\n<div class=\"col-xs-6 col-sm-3\">\r\n\r\n<div id=\"attachment_557\" style=\"width: 225px\" class=\"wp-caption alignleft press_cover\"><a href=\"https:\/\/www.palm3sunglasses.com\/wp-content\/uploads\/2016\/06\/MOTOR_1_big.jpg\" rel=\"lightbox\"><img aria-describedby=\"caption-attachment-557\" loading=\"lazy\" class=\"wp-image-557 size-medium\" src=\"https:\/\/www.palm3sunglasses.com\/wp-content\/uploads\/2016\/06\/MOTOR_small-215x300.jpg\" alt=\"Palm3SunGlasses in MOTO Jornal\" width=\"215\" height=\"300\" srcset=\"https:\/\/palm3.goal-ads.com\/wp-content\/uploads\/2016\/06\/MOTOR_small-215x300.jpg 215w, https:\/\/palm3.goal-ads.com\/wp-content\/uploads\/2016\/06\/MOTOR_small.jpg 300w\" sizes=\"(max-width: 215px) 100vw, 215px\" \/><\/a><p id=\"caption-attachment-557\" class=\"wp-caption-text\"><span class=\"cover_txt\">\u00d3culos de sol de design cl\u00e1ssico, contam com lentes com protec\u00e7\u00e3o UV\/A e UV\/B e \u201cchassis\u201d em policarbonato com molas nas hastes. S\u00e3o totalmente costumis\u00e1veis com v\u00e1rias cores dispon\u00edveis nas lentes, hastes e frente e \u00e9 uma marca nacional que apoia pilotos como Miguel Oliveira, Tiago Magalh\u00e3es e Afonso Gaid\u00e3o.<\/span><span class=\"cover_title\">MOTO JORNAL  Setembro 2014<\/span><\/p><\/div>\r\n\r\n<\/div>\r\n<div class=\"col-xs-6 col-sm-3\">\r\n\r\n<div id=\"attachment_559\" style=\"width: 225px\" class=\"wp-caption alignleft press_cover\"><a href=\"https:\/\/www.palm3sunglasses.com\/wp-content\/uploads\/2016\/06\/SABADO_1_big.jpg\" rel=\"lightbox\"><img aria-describedby=\"caption-attachment-559\" loading=\"lazy\" class=\"wp-image-559 size-medium\" src=\"https:\/\/www.palm3sunglasses.com\/wp-content\/uploads\/2016\/07\/SABADO_small-215x300.jpg\" alt=\"S\u00e1bado Magazine\" width=\"215\" height=\"300\" \/><\/a><p id=\"caption-attachment-559\" class=\"wp-caption-text\"><span class=\"cover_txt\">\u201cOlha os \u00f3culos a 5 euros\u201d \u00e9 das frases que mais vais ouvir em algumas praias este ver\u00e3o. Embora o pre\u00e7o seja apetec\u00edvel-seja sincero- quase inevit\u00e1velmente a qualidade \u00e9 pouca. Palm3 \u00e9 a marca lan\u00e7ada esta semana por Rui Zuzarte. \u201cHavia falta de uma marca com pre\u00e7os acess\u00edveis e com qualidade. As pessoas ou compram \u00f3culos a 5\u20ac ou, se tiverem dinheiro, podem optar pelos mais caros da Ray-Ban\u201d, diz.<br \/>\r\nRui encontrou assim uma oportunidade de abrir o pr\u00f3prio neg\u00f3cio numa \u00e1rea em que n\u00e3o encontrava um paralelo entre qualidade\/pre\u00e7o, com \u00f3culos que podem ser personalizados com hastes de cores diferentes.<\/span><span class=\"cover_title\">REVISTA SABADO (TENTA\u00c7\u00d5ES) Junho 2014<\/span><\/p><\/div>\r\n\r\n<\/div>\r\n<\/div>\r\n<!-- 2 LINHA -->\r\n<div class=\"row\">\r\n<div class=\"col-xs-6 col-sm-3\">\r\n\r\n<div id=\"attachment_561\" style=\"width: 225px\" class=\"wp-caption alignleft press_cover\"><a href=\"https:\/\/www.palm3sunglasses.com\/wp-content\/uploads\/2016\/06\/TIME-OUT_1_big.jpg\" rel=\"lightbox\"><img aria-describedby=\"caption-attachment-561\" loading=\"lazy\" class=\"wp-image-561 size-medium\" src=\"https:\/\/www.palm3sunglasses.com\/wp-content\/uploads\/2016\/06\/TIME-OUT_small-215x300.jpg\" alt=\"TimeOut Lisboa\" width=\"215\" height=\"300\" srcset=\"https:\/\/palm3.goal-ads.com\/wp-content\/uploads\/2016\/06\/TIME-OUT_small-215x300.jpg 215w, https:\/\/palm3.goal-ads.com\/wp-content\/uploads\/2016\/06\/TIME-OUT_small.jpg 300w\" sizes=\"(max-width: 215px) 100vw, 215px\" \/><\/a><p id=\"caption-attachment-561\" class=\"wp-caption-text\"><span class=\"cover_txt\">A mais recente novidade do mundo dos \u00f3culos de sol portugueses tem muito que se lhe diga. \u00c0 primeira vista, os modelos Palm3 parecem ser s\u00f3 mais uns \u00f3culos da moda, mas com o servi\u00e7o de personaliza\u00e7\u00e3o online pode usar a imagina\u00e7\u00e3o e escolher a cor de cada componente.<\/span><span class=\"cover_title\">TIME OUT LISBOA  Junho 2014<\/span><\/p><\/div>\r\n\r\n<\/div>\r\n<div class=\"col-xs-6 col-sm-3\">\r\n\r\n<div id=\"attachment_563\" style=\"width: 225px\" class=\"wp-caption alignleft press_cover\"><a href=\"https:\/\/www.palm3sunglasses.com\/wp-content\/uploads\/2016\/06\/TIME-OUT2_1_big.jpg\" rel=\"lightbox\"><img aria-describedby=\"caption-attachment-563\" loading=\"lazy\" class=\"wp-image-563 size-medium\" src=\"https:\/\/www.palm3sunglasses.com\/wp-content\/uploads\/2016\/06\/TIME-OUT2_small-215x300.jpg\" alt=\"TimeOut Lisboa Magazine\" width=\"215\" height=\"300\" srcset=\"https:\/\/palm3.goal-ads.com\/wp-content\/uploads\/2016\/06\/TIME-OUT2_small-215x300.jpg 215w, https:\/\/palm3.goal-ads.com\/wp-content\/uploads\/2016\/06\/TIME-OUT2_small.jpg 300w\" sizes=\"(max-width: 215px) 100vw, 215px\" \/><\/a><p id=\"caption-attachment-563\" class=\"wp-caption-text\"><span class=\"cover_txt\">A marca surgiu em Junho e destaca-se por aquilo que classifica como \u201cexcelente rela\u00e7\u00e3o qualidade\/pre\u00e7o\u201d. Os modelos de \u00f3culos de sol pr\u00e9-feitos custam 25 a 30 euros, mas tamb\u00e9m \u00e9 poss\u00edvel comprar modelos personalizados por mais 10euros. Hastes, lentes e parte da frente, cada um escolhe as cores de que mais gosta-h\u00e1 300 combina\u00e7\u00f5es poss\u00edveis. O material \u00e9 policabornato, o que equivale a ter \u00f3culos leves e resistentes.<\/span><span class=\"cover_title\">TIME OUT LISBOA Edi\u00e7\u00e3o especial 7\u00baAnivers\u00e1rio Outubro 2014<\/span><\/p><\/div>\r\n\r\n<\/div>\r\n\r\n<div class=\"col-xs-6 col-sm-3\">\r\n\r\n<div id=\"attachment_565\" style=\"width: 225px\" class=\"wp-caption alignleft press_cover\"><a href=\"https:\/\/www.palm3sunglasses.com\/wp-content\/uploads\/2016\/06\/TIME-OUT3_1_big.jpg\" rel=\"lightbox\"><img aria-describedby=\"caption-attachment-565\" loading=\"lazy\" class=\"wp-image-565 size-medium\" src=\"https:\/\/www.palm3sunglasses.com\/wp-content\/uploads\/2016\/06\/TIME-OUT3_small-215x300.jpg\" alt=\"TimeOut Magazine\" width=\"215\" height=\"300\" srcset=\"https:\/\/palm3.goal-ads.com\/wp-content\/uploads\/2016\/06\/TIME-OUT3_small-215x300.jpg 215w, https:\/\/palm3.goal-ads.com\/wp-content\/uploads\/2016\/06\/TIME-OUT3_small.jpg 300w\" sizes=\"(max-width: 215px) 100vw, 215px\" \/><\/a><p id=\"caption-attachment-565\" class=\"wp-caption-text\"><span class=\"cover_txt\">H\u00e1 acess\u00f3rios de moda que, fa\u00e7a chuva ou fa\u00e7a sol, \u00e9 bom manter sempre \u00e0 m\u00e3o. \u00c9 o caso dos \u00f3culos de sol. E quando as possibilidades de escolha se multiplicam pelas cores das lentes, das arma\u00e7\u00f5es, design do modelo e acabamentos(polarizados ou n\u00e3o), a\u00ed \u00e9 que d\u00e1 vontade de ter uns para cada ocasi\u00e3o. Dois pelo pre\u00e7o de uns j\u00e1 est\u00e3o garantidos. Tem at\u00e9 ter\u00e7a-feira para comprar uns \u00f3culos da Plam3 e escolher o segundo par gr\u00e1tis, desde que seja de valor igual ou inferior.<\/span><span class=\"cover_title\">TIME OUT Especial 8\u00baAnivers\u00e1rio Setembro 2015<\/span><\/p><\/div>\r\n\r\n<\/div>\r\n<div class=\"col-xs-6 col-sm-3\">\r\n\r\n<div id=\"attachment_567\" style=\"width: 225px\" class=\"wp-caption alignleft press_cover\"><a href=\"https:\/\/www.palm3sunglasses.com\/wp-content\/uploads\/2016\/06\/TIME-OUT4_1_big.jpg\" rel=\"lightbox\"><img aria-describedby=\"caption-attachment-567\" loading=\"lazy\" class=\"wp-image-567 size-medium\" src=\"https:\/\/www.palm3sunglasses.com\/wp-content\/uploads\/2016\/06\/TIME-OUT4_small-215x300.jpg\" alt=\"TimeOut Magazine Lisboa\" width=\"215\" height=\"300\" srcset=\"https:\/\/palm3.goal-ads.com\/wp-content\/uploads\/2016\/06\/TIME-OUT4_small-215x300.jpg 215w, https:\/\/palm3.goal-ads.com\/wp-content\/uploads\/2016\/06\/TIME-OUT4_small.jpg 300w\" sizes=\"(max-width: 215px) 100vw, 215px\" \/><\/a><p id=\"caption-attachment-567\" class=\"wp-caption-text\"><span class=\"cover_txt\">N\u00e3o h\u00e1 \u00f3culos que se moldem mais ao gosto do fregu\u00eas do que os da Palm3. No ver\u00e3o do ano passado, a marca transformou este acess\u00f3rio numa pe\u00e7a totalmente personaliz\u00e1vel. Basta uma visita ao site para experimentar as mais de 2000 combina\u00e7\u00f5es poss\u00edveis, entre lentes polarizadas \u00e0s hastes coloridas.<\/span><span class=\"cover_title\">TIME OUT LISBOA Maio 2015<\/span><\/p><\/div>\r\n\r\n<\/div>\r\n<\/div>\r\n<!-- 3 LINHA -->\r\n<div class=\"row\">\r\n<div class=\"col-xs-6 col-sm-3\">\r\n\r\n<div id=\"attachment_569\" style=\"width: 225px\" class=\"wp-caption alignleft press_cover\"><a href=\"https:\/\/www.palm3sunglasses.com\/wp-content\/uploads\/2016\/06\/TURBO_1_big.jpg\" rel=\"lightbox\"><img aria-describedby=\"caption-attachment-569\" loading=\"lazy\" class=\"wp-image-569 size-medium\" src=\"https:\/\/www.palm3sunglasses.com\/wp-content\/uploads\/2016\/06\/TURBO_small-215x300.jpg\" alt=\"Palm3 SunGlasses in Turbo Magazine\" width=\"215\" height=\"300\" srcset=\"https:\/\/palm3.goal-ads.com\/wp-content\/uploads\/2016\/06\/TURBO_small-215x300.jpg 215w, https:\/\/palm3.goal-ads.com\/wp-content\/uploads\/2016\/06\/TURBO_small.jpg 300w\" sizes=\"(max-width: 215px) 100vw, 215px\" \/><\/a><p id=\"caption-attachment-569\" class=\"wp-caption-text\"><span class=\"cover_txt\">S\u00e3o feitos em Portugal, transbordam estilo estilo e apresentam o cunho do piloto nacional Miguel Oliveira, que corre na categoria Moto3 do Mundial de Motociclismo. Melhor do que isto s\u00f3 o pre\u00e7o e o facto de 5\u20ac de cada venda reverterem a favor da Associa\u00e7\u00e3o Almadense Rumo ao Futuro, que ajuda adultos portadores de defici\u00eancia motora. Al\u00e9m de contribuir para uma causa solid\u00e1ria, recebe ainda como b\u00f3nus uma toalha de praia oficial e um cart\u00e3o autografado pelo piloto. Ajudar ficou ainda mais f\u00e1cil\u2026<\/span><span class=\"cover_title\">TURBO Dezembro 2014<\/span><\/p><\/div>\r\n\r\n<\/div>\r\n<div class=\"col-xs-6 col-sm-3\"><\/div>\r\n<!-- Add the extra clearfix for only the required viewport -->\r\n<div class=\"clearfix visible-xs-block\"><\/div>\r\n<div class=\"col-xs-6 col-sm-3\"><\/div>\r\n<div class=\"col-xs-6 col-sm-3\"><\/div>\r\n<\/div>","protected":false},"excerpt":{"rendered":"","protected":false},"author":1,"featured_media":0,"parent":2,"menu_order":0,"comment_status":"closed","ping_status":"closed","template":"","meta":[],"_links":{"self":[{"href":"https:\/\/palm3.goal-ads.com\/en\/wp-json\/wp\/v2\/pages\/219"}],"collection":[{"href":"https:\/\/palm3.goal-ads.com\/en\/wp-json\/wp\/v2\/pages"}],"about":[{"href":"https:\/\/palm3.goal-ads.com\/en\/wp-json\/wp\/v2\/types\/page"}],"author":[{"embeddable":true,"href":"https:\/\/palm3.goal-ads.com\/en\/wp-json\/wp\/v2\/users\/1"}],"replies":[{"embeddable":true,"href":"https:\/\/palm3.goal-ads.com\/en\/wp-json\/wp\/v2\/comments?post=219"}],"version-history":[{"count":113,"href":"https:\/\/palm3.goal-ads.com\/en\/wp-json\/wp\/v2\/pages\/219\/revisions"}],"predecessor-version":[{"id":2361,"href":"https:\/\/palm3.goal-ads.com\/en\/wp-json\/wp\/v2\/pages\/219\/revisions\/2361"}],"up":[{"embeddable":true,"href":"https:\/\/palm3.goal-ads.com\/en\/wp-json\/wp\/v2\/pages\/2"}],"wp:attachment":[{"href":"https:\/\/palm3.goal-ads.com\/en\/wp-json\/wp\/v2\/media?parent=219"}],"curies":[{"name":"wp","href":"https:\/\/api.w.org\/{rel}","templated":true}]}}